{"id":16,"date":"2017-08-21T16:54:10","date_gmt":"2017-08-21T14:54:10","guid":{"rendered":"http:\/\/www.romellivicini.ch\/?page_id=16"},"modified":"2017-09-12T20:03:51","modified_gmt":"2017-09-12T18:03:51","slug":"psicoterapia","status":"publish","type":"page","link":"https:\/\/romellivicini.ch\/?page_id=16","title":{"rendered":"Psicoterapia"},"content":{"rendered":"<h3><em>Come funziona la psicoterapia?<\/em><\/h3>\n<p>La psicoterapia induce l\u2019individuo a prendere in mano la propria vita, a gestirla autonomamente e, con il tempo, a superare i momenti di crisi senza dover pi\u00f9 ricorrere ad un aiuto professionale o a medicamenti. Quando si vive un momento di disagio la psicoterapia \u00e8 dunque un atto di cura e attenzione verso s\u00e9 stesso.<\/p>\n<p>La psicoterapia \u00e8 una forma di intervento basata su tecniche specifiche e validate scientificamente, utilizzate per la diagnosi, la cura e la prevenzione delle ricadute dei disagi emotivi e dei disturbi psichici. La condizione sine qua non per il successo di una psicoterapia, al di l\u00e0 della teoria seguita, \u00e8 il rapporto di fiducia e di stima tra terapeuta e paziente. \u00c8 dunque di primaria importanza che il cliente possa scegliere in tutta libert\u00e0 il proprio terapeuta.<\/p>\n<p>In una psicoterapia, il principale strumento di lavoro \u00e8 il dialogo. La psicoterapia considera tutti gli aspetti legati al comportamento e al vissuto umano. A seconda del metodo utilizzato, gli psicoterapeuti seguono procedure di tipo cognitivo, ma anche approcci basati sulla percezione, lavorando con tecniche immaginative, il movimento o altre forme di espressione creativa. Gli psicoterapeuti adeguano il processo terapeutico alla problematica individuale ed elaborano con il paziente soluzioni su misura.<br \/>\nNon si tratta di una tecnica di lavoro \u201cmagica\u201d o invasiva, bens\u00ec lo psicoterapeuta aiuta il cliente a cercare le risorse in s\u00e9, a promuovere le proprie competenze e migliorare le proprie abilit\u00e0 relazionali e personali, rafforzando cos\u00ec l\u2019individuo e la sua resistenza psichica.<\/p>\n<p>&nbsp;<\/p>\n<h3><em>Qual \u00e8 l&#8217;utilit\u00e0 della psicoterapia?<\/em><\/h3>\n<p>La psicoterapia permette di conoscersi meglio ed aumentare l\u2019autoconsapevolezza, attenua o cura efficacemente la sofferenza psichica. Una psicoterapia riuscita aumenta dunque il benessere personale e, alle persone affette da un disturbo psichico, permette di riprendere totalmente o almeno in parte il controllo sulla propria vita grazie alla riduzione o scomparsa della sintomatologia.<\/p>\n<p>La psicoterapia \u00e8 un ottimo investimento anche sotto il profilo economico. Se intrapresa per tempo, permette di evitare efficacemente dei costi che altrimenti andrebbero a carico dell\u2019economia privata e pubblica. La psicoterapia ha come obiettivo la risoluzione di momenti di crisi e problematiche personali, evitando cos\u00ec altri tentativi di \u201ctamponamento temporaneo\u201d attraverso metodi meno efficaci o che lavorano sul sintomo invece che sulla causa. La psicoterapia ha un effetto duraturo e i cambiamenti comportamentali che induce persistono anche dopo la fine del trattamento.<\/p>\n<p>Gli effetti positivi della psicoterapia in termini di costi sono i seguenti:<\/p>\n<ul>\n<li>lo stato psichico soggettivo migliora notevolmente<\/li>\n<li>aumento della sensazione di controllo sulla propria vita<\/li>\n<li>miglioramento delle relazioni significative<\/li>\n<li>maggiore conoscenza di s\u00e9 e autostima<\/li>\n<li>la produttivit\u00e0 e la motivazione aumentano<\/li>\n<li>l\u2019assenteismo per malattia diminuisce<\/li>\n<li>le visite mediche si fanno meno frequenti<\/li>\n<li>si riducono o si evitano i pensionamenti anticipati e i casi AI<\/li>\n<li>i costi sociali (ad es. ripercussioni dei disturbi psichici sulla famiglia) diminuiscono.<\/li>\n<\/ul>\n<p>&nbsp;<\/p>\n<h3><em>Quanto dura una psicoterapia e quanto sono frequenti le sedute?<\/em><\/h3>\n<p>La durata di una psicoterapia dipende dai progressi compiuti dal paziente. Se non sono trattati o lo sono in modo inadeguato, i disturbi psichici possono generare una sofferenza psichica cronica d&#8217;intensit\u00e0 crescente, come anche malattie fisiche.<br \/>\nOgni caso viene valutato individualmente, pertanto \u00e8 necessario contattare un professionista e procedere con la prima fase di consultazione per farsi un\u2019idea sulla propria situazione.<\/p>\n<p>La frequenza delle sedute viene concordata fra il cliente e il terapeuta e dipende da vari fattori. Solitamente, all\u2019inizio del percorso, \u00e8 consigliabile incontrarsi a cadenza settimanale poi, a seconda del caso specifico, \u00e8 possibile diradare maggiormente le sedute nel tempo, fino alla conclusione della terapia.<\/p>\n<p>&nbsp;<\/p>\n<h3><em>Chi \u00e8 lo psicoterapeuta?<\/em><\/h3>\n<p>Lo psicoterapeuta \u00e8 un professionista altamente qualificato con un lungo percorso formativo e lavorativo alle spalle. Successivamente alla laurea universitaria in psicologia (Master) ha frequentato una scuola di specializzazione, diversa a seconda dell\u2019orientamento teorico scelto (es. psicodinamico, sistemico-relazionale, cognitivista, costruttivista, ecc.), della durata complessiva di almeno quattro anni. Durante tale iter formativo il professionista acquisisce numerose conoscenze specifiche teoriche e pratiche (per un totale di 1600 ore tra lezioni teoriche, esperenziali e supervisioni di casi clinici e 600 ore come stagiaire nei vari servizi territoriali).<\/p>\n<p>Al termine della scuola di specializzazione il professionista dovr\u00e0 sostenere un esame finale. In Svizzera, al fine di poter essere riconosciuto come psicoterapeuta a livello federale e quindi ottenere il riconoscimento delle proprie prestazioni da parte delle casse malati ed il libero esercizio da parte dell\u2019Autorit\u00e0 Cantonale Ticinese, il professionista dovr\u00e0 aver applicato il metodo prescelto su di s\u00e9, mediante un\u2019analisi personale di 200 ore complessive, e svolto una pratica clinica di 2 anni in strutture abilitate (servizi psico-sociali, cliniche psichiatriche, studi privati di psicoterapia, ecc.).<\/p>\n<p>&nbsp;<\/p>\n<h3><em>Per apprfondire\u2026<\/em><\/h3>\n<p>\u2026 modello teorico a cui faccio riferimento: psicoterapia cognitiva (visualizza il <a href=\"http:\/\/www.romellivicini.ch\/wp-content\/uploads\/2017\/09\/Modello-clinico.pdf\">Modello clinico<\/a><a href=\"http:\/\/www.romellivicini.ch\/wp-content\/uploads\/2017\/09\/Doc-in-elaborazione.pdf\"><\/a>).<\/p>\n","protected":false},"excerpt":{"rendered":"<p>Come funziona la psicoterapia? La psicoterapia induce l\u2019individuo a prendere in mano la propria vita, a gestirla autonomamente e, con il tempo, a superare i momenti di crisi senza dover pi\u00f9 ricorrere ad un aiuto professionale o a medicamenti. Quando si vive un momento di disagio la psicoterapia \u00e8 dunque<\/p>\n","protected":false},"author":1,"featured_media":0,"parent":0,"menu_order":0,"comment_status":"closed","ping_status":"closed","template":"","meta":{"footnotes":""},"class_list":["post-16","page","type-page","status-publish","hentry"],"_links":{"self":[{"href":"https:\/\/romellivicini.ch\/index.php?rest_route=\/wp\/v2\/pages\/16"}],"collection":[{"href":"https:\/\/romellivicini.ch\/index.php?rest_route=\/wp\/v2\/pages"}],"about":[{"href":"https:\/\/romellivicini.ch\/index.php?rest_route=\/wp\/v2\/types\/page"}],"author":[{"embeddable":true,"href":"https:\/\/romellivicini.ch\/index.php?rest_route=\/wp\/v2\/users\/1"}],"replies":[{"embeddable":true,"href":"https:\/\/romellivicini.ch\/index.php?rest_route=%2Fwp%2Fv2%2Fcomments&post=16"}],"version-history":[{"count":6,"href":"https:\/\/romellivicini.ch\/index.php?rest_route=\/wp\/v2\/pages\/16\/revisions"}],"predecessor-version":[{"id":82,"href":"https:\/\/romellivicini.ch\/index.php?rest_route=\/wp\/v2\/pages\/16\/revisions\/82"}],"wp:attachment":[{"href":"https:\/\/romellivicini.ch\/index.php?rest_route=%2Fwp%2Fv2%2Fmedia&parent=16"}],"curies":[{"name":"wp","href":"https:\/\/api.w.org\/{rel}","templated":true}]}}