{"id":2,"date":"2017-08-15T22:32:53","date_gmt":"2017-08-15T20:32:53","guid":{"rendered":"http:\/\/www.romellivicini.ch\/?page_id=2"},"modified":"2023-01-30T21:49:49","modified_gmt":"2023-01-30T20:49:49","slug":"pagina-di-esempio","status":"publish","type":"page","link":"https:\/\/romellivicini.ch\/","title":{"rendered":"Home"},"content":{"rendered":"<h3 style=\"text-align: center;\">Vanessa Romelli<br \/>\nPsicologa specialista in psicoterapia FSP<br \/>\nConsulente sessuale<br \/>\nPsicoterapeuta formata EMDR<\/h3>\n<p><img loading=\"lazy\" decoding=\"async\" class=\"size-medium wp-image-114 aligncenter\" src=\"http:\/\/www.romellivicini.ch\/wp-content\/uploads\/2017\/10\/Immagine-albero-300x290.png\" alt=\"\" width=\"300\" height=\"290\" srcset=\"https:\/\/romellivicini.ch\/wp-content\/uploads\/2017\/10\/Immagine-albero-300x290.png 300w, https:\/\/romellivicini.ch\/wp-content\/uploads\/2017\/10\/Immagine-albero-52x50.png 52w, https:\/\/romellivicini.ch\/wp-content\/uploads\/2017\/10\/Immagine-albero.png 628w\" sizes=\"(max-width: 300px) 100vw, 300px\" \/><\/p>\n<table border=\"1\">\n<tbody>\n<tr>\n<td>\n<h3><a href=\"http:\/\/www.romellivicini.ch\/?page_id=16\"><em>PSICOTERAPIA<\/em><\/a><\/h3>\n<p>Pratica terapeutica atta a ricostituire o rafforzare l&#8217;efficienza funzionale della personalit\u00e0. La sua finalit\u00e0 \u00e8 dunque il cambiamento dei processi psicologici dai quali dipende il malessere o lo stile di vita che porta a sofferenza, accompagnati oppure no da sintomatologia pi\u00f9 o meno grave come <a href=\"https:\/\/it.wikipedia.org\/wiki\/Ansia\" target=\"_blank\" rel=\"noopener noreferrer\">ansia<\/a>, <a href=\"https:\/\/it.wikipedia.org\/wiki\/Disturbo_depressivo\" target=\"_blank\" rel=\"noopener noreferrer\">depressione<\/a>, <a href=\"https:\/\/it.wikipedia.org\/wiki\/Fobia\" target=\"_blank\" rel=\"noopener noreferrer\">fobie<\/a>, ecc.<\/p>\n<p>Etimologicamente \u201cPsico-terapia\u201d deriva dal greco \u201cpsich\u00e8\u201d (<a href=\"https:\/\/it.wikipedia.org\/wiki\/Anima\" target=\"_blank\" rel=\"noopener noreferrer\">anima<\/a>, soffio vitale) e \u201ctherapeia\u201d (cura): in senso esteso \u201cfare psicoterapia\u201d significa quindi \u201cprendersi cura dell\u2019anima\u201d.<\/td>\n<\/tr>\n<\/tbody>\n<\/table>\n<table border=\"1\">\n<tbody>\n<tr>\n<td>\n<h3><a href=\"http:\/\/www.romellivicini.ch\/?page_id=21\"><em>EMDR<\/em><\/a><\/h3>\n<p>L\u2019EMDR \u00e8 un metodo psicoterapico strutturato che facilita il trattamento di diverse psicopatologie e problemi legati sia ad eventi <a href=\"https:\/\/it.wikipedia.org\/wiki\/Trauma_psicologico\" target=\"_blank\" rel=\"noopener noreferrer\">traumatici<\/a> che a esperienze pi\u00f9 comuni ma emotivamente stressanti.<\/p>\n<p>La terapia EMDR ha come base teorica il modello <a href=\"https:\/\/emdr-europe.org\/about\/the-aip-model\/\">AIP<\/a> (Adaptive Information Processing) che affronta i ricordi non elaborati che possono dare origine a molte disfunzioni.<\/p>\n<p>Gli studi riportano l\u2019efficacia nel trattamento di numerose psicopatologie inclusi la <a href=\"https:\/\/it.wikipedia.org\/wiki\/Disturbo_depressivo\">depressione<\/a>, l\u2019<a href=\"https:\/\/it.wikipedia.org\/wiki\/Ansia\">ansia<\/a>, le <a href=\"https:\/\/it.wikipedia.org\/wiki\/Fobia\">fobie<\/a>, il <a href=\"https:\/\/it.wikipedia.org\/wiki\/Lutto\">lutto <\/a>acuto, i sintomi somatici e le <a href=\"https:\/\/it.wikipedia.org\/wiki\/Dipendenza\" target=\"_blank\" rel=\"noopener noreferrer\">dipendenze<\/a>.<\/td>\n<\/tr>\n<\/tbody>\n<\/table>\n","protected":false},"excerpt":{"rendered":"<p>Vanessa Romelli Psicologa specialista in psicoterapia FSP Consulente sessuale Psicoterapeuta formata EMDR PSICOTERAPIA Pratica terapeutica atta a ricostituire o rafforzare l&#8217;efficienza funzionale della personalit\u00e0. La sua finalit\u00e0 \u00e8 dunque il cambiamento dei processi psicologici dai quali dipende il malessere o lo stile di vita che porta a sofferenza, accompagnati oppure<\/p>\n","protected":false},"author":1,"featured_media":0,"parent":0,"menu_order":0,"comment_status":"closed","ping_status":"open","template":"","meta":{"footnotes":""},"class_list":["post-2","page","type-page","status-publish","hentry"],"_links":{"self":[{"href":"https:\/\/romellivicini.ch\/index.php?rest_route=\/wp\/v2\/pages\/2"}],"collection":[{"href":"https:\/\/romellivicini.ch\/index.php?rest_route=\/wp\/v2\/pages"}],"about":[{"href":"https:\/\/romellivicini.ch\/index.php?rest_route=\/wp\/v2\/types\/page"}],"author":[{"embeddable":true,"href":"https:\/\/romellivicini.ch\/index.php?rest_route=\/wp\/v2\/users\/1"}],"replies":[{"embeddable":true,"href":"https:\/\/romellivicini.ch\/index.php?rest_route=%2Fwp%2Fv2%2Fcomments&post=2"}],"version-history":[{"count":14,"href":"https:\/\/romellivicini.ch\/index.php?rest_route=\/wp\/v2\/pages\/2\/revisions"}],"predecessor-version":[{"id":178,"href":"https:\/\/romellivicini.ch\/index.php?rest_route=\/wp\/v2\/pages\/2\/revisions\/178"}],"wp:attachment":[{"href":"https:\/\/romellivicini.ch\/index.php?rest_route=%2Fwp%2Fv2%2Fmedia&parent=2"}],"curies":[{"name":"wp","href":"https:\/\/api.w.org\/{rel}","templated":true}]}}