{"id":25,"date":"2017-08-21T17:11:25","date_gmt":"2017-08-21T15:11:25","guid":{"rendered":"http:\/\/www.romellivicini.ch\/?page_id=25"},"modified":"2017-09-12T19:49:21","modified_gmt":"2017-09-12T17:49:21","slug":"tterapia-del-bambino-e-delladolescente","status":"publish","type":"page","link":"https:\/\/romellivicini.ch\/?page_id=25","title":{"rendered":"Terapia del bambino e dell&#8217;adolescente"},"content":{"rendered":"<h3><em>Quando richiedere aiuto e perch\u00e9?<\/em><\/h3>\n<p>La terapia in et\u00e0 evolutiva \u00e8 indicata quando si osserva un malessere marcato in bambini o adolescenti. Sono quindi di solito i genitori o altre figure di riferimento significative (altri familiari, docenti, pediatra, educatori, ecc.) che avvertono il disagio ed il bisogno di meglio comprendere ci\u00f2 che accade al bambino\/adolescente in vista della promozione del suo benessere. La terapia in et\u00e0 evolutiva pu\u00f2 anche trattare temi educativi, relazionali, comportamentali o esistenziali. La terapia con i pi\u00f9 piccoli implica di principio il coinvolgimento dei genitori per una migliore efficacia. A seconda delle necessit\u00e0 verr\u00e0 richiesta la loro cooperazione per incontri di sintesi e bilancio, per consulenze o sedute di terapia vera e propria.<\/p>\n<p>L\u2019obiettivo \u00e8 di fornire sostegno e supporto al minore ma anche alla sua famiglia (o se del caso anche della rete pi\u00f9 allargata come la scuola ad esempio) che in quel momento stanno vivendo un disagio. Si tratta di promuovere le risorse del minore e della sua famiglia per una crescita ed uno sviluppo psicologico il pi\u00f9 armoniosi possibile attraverso l\u2019ausilio di strumenti che li rendano sempre pi\u00f9 autonomi nel loro benessere.<\/p>\n<p>La psicoterapia con il minore \u00e8 possibile solo con il consenso del detentore o dei detentori dell\u2019autorit\u00e0 parentale.<\/p>\n<p>&nbsp;<\/p>\n<h3><em>Principali temi \/ problematiche trattate:<\/em><\/h3>\n<p>Bambino<\/p>\n<ul>\n<li>Disturbi affettivi ed emotivi<\/li>\n<li>Disturbi del comportamento e della condotta<\/li>\n<li>Disturbi dell\u2019attaccamento e dell\u2019adattamento<\/li>\n<li>Problemi relazionali<\/li>\n<li>Situazioni post traumatiche (incidenti, lutti, separazioni, maltrattamenti, abusi, malattie,\u2026)<\/li>\n<li>Difficolt\u00e0 scolastiche<\/li>\n<li>Problemi di fiducia ed autostima<\/li>\n<li>Disturbi psicosomatici<\/li>\n<li>Disturbi da stress o ansia<\/li>\n<li>Disturbi del sonno<\/li>\n<\/ul>\n<p>Adolescente<\/p>\n<ul>\n<li>Disagio adolescenziale<\/li>\n<li>Depressione e altri disturbi dell\u2019umore<\/li>\n<li>Ansia, preoccupazioni generalizzate, fobie e attacchi di panico<\/li>\n<li>Ossessioni e compulsioni<\/li>\n<li>Disturbi affettivi e emotivi<\/li>\n<li>Atti autolesionistici e autoaggrssivi<\/li>\n<li>Disturbi della condotta e dell\u2019adattamento<\/li>\n<li>Stress, disturbi psicosomatici<\/li>\n<li>Ipocondria o ansia per la salute<\/li>\n<li>Traumi di vario genere (incidenti, lutti, separazioni, maltrattamenti, abusi, malattie,\u2026)<\/li>\n<li>Difficolt\u00e0 di regolazione delle proprie emozioni<\/li>\n<li>Difficolt\u00e0 relazionali<\/li>\n<li>Difficolt\u00e0 esistenziali<\/li>\n<li>Problemi di autostima<\/li>\n<li>Problemi connessi all\u2019aspetto fisico<\/li>\n<li>Difficolt\u00e0 legate al proprio orientamento sessuale e all\u2019identit\u00e0 di genere<\/li>\n<li>Disturbi dell\u2019attaccamento<\/li>\n<li>Disturbi del comportamento alimentare (anoressia, bulimia, binge eating disorder, )<\/li>\n<\/ul>\n<p>&nbsp;<\/p>\n<h3><em>Tipo di intervento:<\/em><\/h3>\n<ul>\n<li>Sostegno psicologico<\/li>\n<li>Psicoterapia<\/li>\n<li>Consulenza psicologica al minore, ai genitori e alle famiglie<\/li>\n<li>Terapia di famiglia (genitore\/i-figlio, coppia genitoriale)<\/li>\n<\/ul>\n","protected":false},"excerpt":{"rendered":"<p>Quando richiedere aiuto e perch\u00e9? La terapia in et\u00e0 evolutiva \u00e8 indicata quando si osserva un malessere marcato in bambini o adolescenti. Sono quindi di solito i genitori o altre figure di riferimento significative (altri familiari, docenti, pediatra, educatori, ecc.) che avvertono il disagio ed il bisogno di meglio comprendere<\/p>\n","protected":false},"author":1,"featured_media":0,"parent":0,"menu_order":0,"comment_status":"closed","ping_status":"closed","template":"","meta":{"footnotes":""},"class_list":["post-25","page","type-page","status-publish","hentry"],"_links":{"self":[{"href":"https:\/\/romellivicini.ch\/index.php?rest_route=\/wp\/v2\/pages\/25"}],"collection":[{"href":"https:\/\/romellivicini.ch\/index.php?rest_route=\/wp\/v2\/pages"}],"about":[{"href":"https:\/\/romellivicini.ch\/index.php?rest_route=\/wp\/v2\/types\/page"}],"author":[{"embeddable":true,"href":"https:\/\/romellivicini.ch\/index.php?rest_route=\/wp\/v2\/users\/1"}],"replies":[{"embeddable":true,"href":"https:\/\/romellivicini.ch\/index.php?rest_route=%2Fwp%2Fv2%2Fcomments&post=25"}],"version-history":[{"count":3,"href":"https:\/\/romellivicini.ch\/index.php?rest_route=\/wp\/v2\/pages\/25\/revisions"}],"predecessor-version":[{"id":71,"href":"https:\/\/romellivicini.ch\/index.php?rest_route=\/wp\/v2\/pages\/25\/revisions\/71"}],"wp:attachment":[{"href":"https:\/\/romellivicini.ch\/index.php?rest_route=%2Fwp%2Fv2%2Fmedia&parent=25"}],"curies":[{"name":"wp","href":"https:\/\/api.w.org\/{rel}","templated":true}]}}