{"id":29,"date":"2017-08-21T17:13:48","date_gmt":"2017-08-21T15:13:48","guid":{"rendered":"http:\/\/www.romellivicini.ch\/?page_id=29"},"modified":"2017-09-12T19:50:56","modified_gmt":"2017-09-12T17:50:56","slug":"terapia-individuale-del-giovane-adulto-e-delladulto","status":"publish","type":"page","link":"https:\/\/romellivicini.ch\/?page_id=29","title":{"rendered":"Terapia individuale del giovane adulto e dell&#8217;adulto"},"content":{"rendered":"<h3><em>Quando richiedere aiuto e perch\u00e9?<\/em><\/h3>\n<p>La terapia individuale dell\u2019adulto \u00e8 indicata in tutte le situazioni in cui la persona vive un disagio personale importante. Pu\u00f2 trattarsi di un periodo specifico difficile di malessere o di una fase critica della vita dove un sostegno pu\u00f2 essere utile per andare avanti oppure di un malessere pi\u00f9 generalizzato e perdurante. La psicoterapia pu\u00f2 per\u00f2 anche essere un modo utile per conoscere s\u00e9 stessi ed aumentare la propria autoconsapevolezza, anche in assenza di disagio.<\/p>\n<p>L\u2019obiettivo della terapia \u00e8 appunto quello di approfondire la conoscenza di s\u00e9 e dei propri funzionamenti, aumentando la consapevolezza delle proprie risorse e dei propri limiti. Questo nell\u2019ottica di trovare nuovi modi di affrontare la propria realt\u00e0, pi\u00f9 efficaci e gratificanti per s\u00e9 in vista della promozione del benessere personale.<\/p>\n<p>&nbsp;<\/p>\n<h3><em>Principali temi \/ problematiche trattate:<\/em><\/h3>\n<ul>\n<li>Depressione e altri disturbi dell\u2019umore<\/li>\n<li>Ansia, preoccupazioni generalizzate, fobie, attacchi di panico<\/li>\n<li>Ossessioni e compulsioni<\/li>\n<li>Disturbi dell\u2019adattamento<\/li>\n<li>Stress, disturbi psicosomatici<\/li>\n<li>Ipocondria o ansia per la salute<\/li>\n<li>Traumi (fisici, emotivi, elaborazione dei lutti,\u2026)<\/li>\n<li>Disturbi della personalit\u00e0<\/li>\n<li>Difficolt\u00e0 di regolazione delle proprie emozioni<\/li>\n<li>Disturbi del sonno<\/li>\n<li>Difficolt\u00e0 a stabilire e mantenere relazioni sociali e comportamento impulsivo<\/li>\n<li>Difficolt\u00e0 relazionali<\/li>\n<li>Difficolt\u00e0 individuali (es. crisi esistenziali su tematiche lavorative, relazionali, familiari, affettive)<\/li>\n<li>Stress eccessivo per il lavoro o mobbing<\/li>\n<li>Problemi di bassa autostima<\/li>\n<li>Problemi connessi all\u2019aspetto fisico<\/li>\n<li>Difficolt\u00e0 legate al proprio orientamento sessuale e all\u2019identit\u00e0 di genere<\/li>\n<li>Disturbi del comportamento alimentare (anoressia, bulimia, binge eating disorder etc.)<\/li>\n<\/ul>\n<p>&nbsp;<\/p>\n<h3><em>Tipo di intervento:<\/em><\/h3>\n<p>Incontri individuali atti a promuovere la conoscenza di s\u00e9, della propria storia personale e relazionale, dei propri modi di funzionare e della loro efficacia per promuovere un cambiamento utile all\u2019individuo, cambiamento di prospettiva, nelle azioni e\/o nel proprio modo di essere.<\/p>\n","protected":false},"excerpt":{"rendered":"<p>Quando richiedere aiuto e perch\u00e9? La terapia individuale dell\u2019adulto \u00e8 indicata in tutte le situazioni in cui la persona vive un disagio personale importante. Pu\u00f2 trattarsi di un periodo specifico difficile di malessere o di una fase critica della vita dove un sostegno pu\u00f2 essere utile per andare avanti oppure<\/p>\n","protected":false},"author":1,"featured_media":0,"parent":0,"menu_order":0,"comment_status":"closed","ping_status":"closed","template":"","meta":{"footnotes":""},"class_list":["post-29","page","type-page","status-publish","hentry"],"_links":{"self":[{"href":"https:\/\/romellivicini.ch\/index.php?rest_route=\/wp\/v2\/pages\/29"}],"collection":[{"href":"https:\/\/romellivicini.ch\/index.php?rest_route=\/wp\/v2\/pages"}],"about":[{"href":"https:\/\/romellivicini.ch\/index.php?rest_route=\/wp\/v2\/types\/page"}],"author":[{"embeddable":true,"href":"https:\/\/romellivicini.ch\/index.php?rest_route=\/wp\/v2\/users\/1"}],"replies":[{"embeddable":true,"href":"https:\/\/romellivicini.ch\/index.php?rest_route=%2Fwp%2Fv2%2Fcomments&post=29"}],"version-history":[{"count":3,"href":"https:\/\/romellivicini.ch\/index.php?rest_route=\/wp\/v2\/pages\/29\/revisions"}],"predecessor-version":[{"id":73,"href":"https:\/\/romellivicini.ch\/index.php?rest_route=\/wp\/v2\/pages\/29\/revisions\/73"}],"wp:attachment":[{"href":"https:\/\/romellivicini.ch\/index.php?rest_route=%2Fwp%2Fv2%2Fmedia&parent=29"}],"curies":[{"name":"wp","href":"https:\/\/api.w.org\/{rel}","templated":true}]}}