{"id":33,"date":"2017-08-21T17:14:45","date_gmt":"2017-08-21T15:14:45","guid":{"rendered":"http:\/\/www.romellivicini.ch\/?page_id=33"},"modified":"2017-09-12T19:52:46","modified_gmt":"2017-09-12T17:52:46","slug":"terapia-di-coppia","status":"publish","type":"page","link":"https:\/\/romellivicini.ch\/?page_id=33","title":{"rendered":"Terapia di coppia"},"content":{"rendered":"<h3><em>Quando richiedere aiuto e perch\u00e9?<\/em><\/h3>\n<p>La terapia di coppia \u00e8 indicata nei momenti di crisi dovuti a svariate cause (mancanza di dialogo, difficolt\u00e0 nelle relazioni sessuali o nell\u2019intimit\u00e0, tradimenti, situazione di blocco, litigi, allontanamenti, \u2026). Se la coppia ha l\u2019intenzione di mobilitarsi per la risoluzione delle difficolt\u00e0 ma ha l\u2019impressione di non farcela senza l\u2019aiuto di qualcuno o se le difficolt\u00e0 si protraggono troppo a lungo, una terapia di coppia pu\u00f2 essere la soluzione per uscire da schemi e circoli viziosi disfunzionali che causano solo malessere ad uno o entrambi i partners, se non anche ad altri membri della famiglia.<\/p>\n<p>La terapia di coppia ha come obiettivo il ritrovare un dialogo funzionale, la comprensione e l\u2019individuazione delle ragioni e le dinamiche che hanno portato e mantengono la crisi cos\u00ec da proporre un cambiamento grazie a strumenti che portano a nuove modalit\u00e0 di comunicazione pi\u00f9 funzionali, ad un ascolto attivo reciproco e la libert\u00e0 di esprimere i propri bisogni personali, le proprie emozioni e aspettative, in modo da creare nuovi obiettivi di coppia e nuove modalit\u00e0 relazionali pi\u00f9 positive, mobilitando le risorse dei partners.<\/p>\n<p>La terapia di coppia pu\u00f2 andare verso una rinnovata unione pi\u00f9 positiva oppure, se questo non fosse possibile, potrebbe portare ad una separazione affrontata per\u00f2 in modo positivo e responsabile, mantenendo sempre al primo posto il rispetto e il benessere di entrambi i partners ed eventuali altri membri della famiglia coinvolti.<\/p>\n<p>&nbsp;<\/p>\n<h3><em>Temi \/ problematiche trattate:<\/em><\/h3>\n<ul>\n<li>Difficolt\u00e0 di comunicazione<\/li>\n<li>Diminuzione libido o altre difficolt\u00e0 sessuali<\/li>\n<li>Crisi generalizzata<\/li>\n<li>Crisi causata da tradimento<\/li>\n<li>Allontanamento dei partners<\/li>\n<li>Incomprensioni legate a temi di vita della coppia e\/o incapacit\u00e0 di trovare un terreno di intesa comune.<\/li>\n<\/ul>\n<h4><\/h4>\n<h3><em>Tipo di intervento:<\/em><\/h3>\n<p>La terapia di coppia prevede prevalentemente incontri con i due partners, sono previsti per\u00f2 alcuni momenti individuali per permettere al singolo di analizzare tematiche pi\u00f9 personali che possono influire sulla relazione di coppia. Sono anche possibili incontri con altri membri della famiglia pi\u00f9 allargata che, come per gli incontri individuali, si svolgono previa discussione ed accordo con entrambi i partners.<\/p>\n","protected":false},"excerpt":{"rendered":"<p>Quando richiedere aiuto e perch\u00e9? La terapia di coppia \u00e8 indicata nei momenti di crisi dovuti a svariate cause (mancanza di dialogo, difficolt\u00e0 nelle relazioni sessuali o nell\u2019intimit\u00e0, tradimenti, situazione di blocco, litigi, allontanamenti, \u2026). Se la coppia ha l\u2019intenzione di mobilitarsi per la risoluzione delle difficolt\u00e0 ma ha l\u2019impressione<\/p>\n","protected":false},"author":1,"featured_media":0,"parent":0,"menu_order":0,"comment_status":"closed","ping_status":"closed","template":"","meta":{"footnotes":""},"class_list":["post-33","page","type-page","status-publish","hentry"],"_links":{"self":[{"href":"https:\/\/romellivicini.ch\/index.php?rest_route=\/wp\/v2\/pages\/33"}],"collection":[{"href":"https:\/\/romellivicini.ch\/index.php?rest_route=\/wp\/v2\/pages"}],"about":[{"href":"https:\/\/romellivicini.ch\/index.php?rest_route=\/wp\/v2\/types\/page"}],"author":[{"embeddable":true,"href":"https:\/\/romellivicini.ch\/index.php?rest_route=\/wp\/v2\/users\/1"}],"replies":[{"embeddable":true,"href":"https:\/\/romellivicini.ch\/index.php?rest_route=%2Fwp%2Fv2%2Fcomments&post=33"}],"version-history":[{"count":3,"href":"https:\/\/romellivicini.ch\/index.php?rest_route=\/wp\/v2\/pages\/33\/revisions"}],"predecessor-version":[{"id":75,"href":"https:\/\/romellivicini.ch\/index.php?rest_route=\/wp\/v2\/pages\/33\/revisions\/75"}],"wp:attachment":[{"href":"https:\/\/romellivicini.ch\/index.php?rest_route=%2Fwp%2Fv2%2Fmedia&parent=33"}],"curies":[{"name":"wp","href":"https:\/\/api.w.org\/{rel}","templated":true}]}}